{"id":25332,"date":"2024-04-02T05:02:56","date_gmt":"2024-04-02T05:02:56","guid":{"rendered":"https:\/\/topliefer.com\/?page_id=25332"},"modified":"2024-09-09T13:53:39","modified_gmt":"2024-09-09T13:53:39","slug":"impressum","status":"publish","type":"page","link":"https:\/\/topliefer.com\/en\/impressum\/","title":{"rendered":"Impressum"},"content":{"rendered":"\t\t<div data-elementor-type=\"wp-page\" data-elementor-id=\"25332\" class=\"elementor elementor-25332 elementor-22864\">\n\t\t\t\t<div class=\"elementor-element elementor-element-1b61c5f e-flex e-con-boxed e-con e-parent\" data-id=\"1b61c5f\" data-element_type=\"container\" data-e-type=\"container\">\n\t\t\t\t\t<div class=\"e-con-inner\">\n\t\t\t\t<div class=\"elementor-element elementor-element-66054db elementor-widget elementor-widget-text-editor\" data-id=\"66054db\" data-element_type=\"widget\" data-e-type=\"widget\" data-widget_type=\"text-editor.default\">\n\t\t\t\t<div class=\"elementor-widget-container\">\n\t\t\t\t\t\t\t\t\t<p><strong>Allgemein<\/strong><br \/>Es wurde alle Sorgfalt aufgewendet, die Richtigkeit der Angaben auf diesen Internetseiten sicherzustellen. Eventuelle Fehler sind dennoch nicht auszuschlie\u00dfen. F\u00fcr entsprechende Hinweise sind wir Ihnen dankbar.<\/p><p><strong>Warenzeichen<\/strong><br \/>In den vorliegenden Inhalten werden eingetragene Warenzeichen, Handelsnamen und Gebrauchsnamen verwendet. Auch wenn diese nicht als solche gekennzeichnet sind, gelten die entsprechenden Schutzbestimmungen.<\/p><p><strong>Konformit\u00e4t mit Webstandards<\/strong><br \/>Diese Website ist f\u00fcr Browser ab der vierten Generation entwickelt worden. Eine optimale Darstellung wird mit CSS-Unterst\u00fctzung und einer Bildschirmaufl\u00f6sung von mindestens 800&#215;600 Pixeln erreicht.<\/p><p><strong>Staatliche Verbraucherschlichtungsstelle<\/strong><br \/>info@topliefer.com<\/p><p><strong>Gem\u00e4\u00df \u00a7 36 Verbraucherstreitbeilegungsgesetz (VSBG)<\/strong><\/p><p>Zur au\u00dfergerichtlichen Beilegung von verbraucherrechtlichen Streitigkeiten hat die Europ\u00e4ische Union eine Online-Plattform (&#8220;OS-Plattform&#8221;) initiiert. Diese Plattform k\u00f6nnen Sie unter folgendem Link aufrufen:<\/p><p>http:\/\/ec.europa.eu\/consumers\/odr\/<\/p><p>Wir weisen darauf hin dass Topliefer nicht an einem Streitbeilegungsverfahren vor einer Verbraucherschlichtungsstelle in Sinne des VSBG teilnimmt und hierzu auch nicht verpflichtet ist.<\/p><p><strong>Verwendete Hyperlinks<\/strong><br \/>Mit Urteil vom 12. Mai 1998 hat das Landgericht Hamburg entschieden, dass man durch die Ausbringung eines Links die Inhalte der gelinkten Seite ggf. mit zu verantworten hat. Dies kann &#8211; so das Landesgericht &#8211; nur dadurch verhindert werden, dass man sich ausdr\u00fccklich von diesen Inhalten distanziert.<\/p><p>Wir bietet Links zu anderen Seiten im Internet, bei denen keinerlei Einflu\u00df auf Gestaltung und Inhalte der gelinkten Seiten besteht. Deshalb distanzieren wir uns ausdr\u00fccklich von s\u00e4mtlichen Inhalten aller gelinkten Seiten und machen uns deren Inhalte nicht zu Eigen. Diese Erkl\u00e4rung gilt f\u00fcr alle in der Website verwendeten Links und f\u00fcr alle Inhalte der Seiten.<\/p><p><strong>Haftungsausschluss<\/strong><br \/>Alle enthaltenen Informationen wurden mit gr\u00f6\u00dftm\u00f6glicher Sorgfalt kontrolliert. Wir k\u00f6nnen nicht f\u00fcr Sch\u00e4den haftbar gemacht werden, die in Zusammenhang mit der Verwendung dieser Inhalte entstehen k\u00f6nnten.<\/p><p>Die Vorgaben von \u00a7 5 TMG sind durch die folgenden Angaben erf\u00fcllt: USt. wird nicht ausgewiesen (Kleinunternehmerregelung)<\/p><p>Steuer-Nr: 145\/102\/11279 Abdullah Janem<\/p><p style=\"padding-left: 40px;\">Top Liefer Technology<\/p><p style=\"padding-left: 40px;\">Agilolfingerstra\u00dfe 23,\u00a0<\/p><p style=\"padding-left: 40px;\">81543 M\u00fcnchen\u00a0<\/p><p><strong>Kontakt<\/strong>:<\/p><p>Telefon 089 248838999<\/p><p>E-Mail: info@topliefer.com<\/p>\t\t\t\t\t\t\t\t<\/div>\n\t\t\t\t<\/div>\n\t\t\t\t\t<\/div>\n\t\t\t\t<\/div>\n\t\t\t\t<\/div>\n\t\t","protected":false},"excerpt":{"rendered":"<p>AllgemeinEs wurde alle Sorgfalt aufgewendet, die Richtigkeit der Angaben auf diesen Internetseiten sicherzustellen. Eventuelle Fehler sind dennoch nicht auszuschlie\u00dfen. F\u00fcr entsprechende Hinweise sind wir Ihnen dankbar. WarenzeichenIn den vorliegenden Inhalten werden eingetragene Warenzeichen, Handelsnamen und Gebrauchsnamen verwendet. Auch wenn diese nicht als solche gekennzeichnet sind, gelten die entsprechenden Schutzbestimmungen. Konformit\u00e4t mit WebstandardsDiese Website ist f\u00fcr [&hellip;]<\/p>\n","protected":false},"author":1,"featured_media":0,"parent":0,"menu_order":0,"comment_status":"closed","ping_status":"closed","template":"","meta":{"footnotes":""},"class_list":["post-25332","page","type-page","status-publish","hentry"],"_links":{"self":[{"href":"https:\/\/topliefer.com\/en\/wp-json\/wp\/v2\/pages\/25332","targetHints":{"allow":["GET"]}}],"collection":[{"href":"https:\/\/topliefer.com\/en\/wp-json\/wp\/v2\/pages"}],"about":[{"href":"https:\/\/topliefer.com\/en\/wp-json\/wp\/v2\/types\/page"}],"author":[{"embeddable":true,"href":"https:\/\/topliefer.com\/en\/wp-json\/wp\/v2\/users\/1"}],"replies":[{"embeddable":true,"href":"https:\/\/topliefer.com\/en\/wp-json\/wp\/v2\/comments?post=25332"}],"version-history":[{"count":0,"href":"https:\/\/topliefer.com\/en\/wp-json\/wp\/v2\/pages\/25332\/revisions"}],"wp:attachment":[{"href":"https:\/\/topliefer.com\/en\/wp-json\/wp\/v2\/media?parent=25332"}],"curies":[{"name":"wp","href":"https:\/\/api.w.org\/{rel}","templated":true}]}}